{"id":24,"date":"2022-08-10T18:43:07","date_gmt":"2022-08-10T18:43:07","guid":{"rendered":"http:\/\/meyer-karin.de\/?page_id=24"},"modified":"2022-11-06T21:59:30","modified_gmt":"2022-11-06T21:59:30","slug":"das-team","status":"publish","type":"page","link":"https:\/\/meyer-karin.de\/?page_id=24","title":{"rendered":"Das Team"},"content":{"rendered":"\n<p>F\u00fcr uns als Physiotherapeuten steht das Wohlergehen und die Gesundheit unserer Patienten an erster Stelle.<\/p>\n\n\n\n<p><strong>Zu meiner Person<\/strong><\/p>\n\n\n\n<p>Ich arbeite stets an mir und meinen F\u00e4higkeiten, so konnte ich nicht nur durch meine T\u00e4tigkeit in einer gro\u00dfen neurologischen Rehaklinik, wo auch orthop\u00e4dische Patienten behandelt wurden, lernen und Erfahrungen sammeln, sondern auch in der Praxis f\u00fcr Physiotherapie mit orthop\u00e4dischen, neurologischen, lymphologischen Patienten meine erworbenen Zertifikate in der Manuellen Therapie, Bobath Therapie, Manuelle Lymphdrainage, Kiefergelenksbehandlungen CMD erfolgreich anwenden, um bestm\u00f6gliche Regeneration, Mobilisation und Schmerzlinderung zu erreichen. Seit einiger Zeit widme ich mich zudem der Atlastherapie und der Dorn Therapie. <\/p>\n\n\n\n<p><strong>Mein Team<\/strong><\/p>\n\n\n\n<p>Au\u00dferdem fahre wir in Betriebe und f\u00fchre dort die betriebliche Gesundheitsf\u00f6rderung durch. Zus\u00e4tzlich biete wir Gruppenkurse f\u00fcr orthop\u00e4dische Pr\u00e4vention, Entspannung nach Jacobsen (PMR), Beckenboden nach Tanzberger und Babymassage in unserer Praxis an.<\/p>\n\n\n\n<figure class=\"wp-block-image aligncenter size-large is-resized is-style-rounded\"><img decoding=\"async\" loading=\"lazy\" src=\"http:\/\/meyer-karin.de\/wp-content\/uploads\/2022\/08\/DSC02010-Bearbeitet-1-1024x683.jpg\" alt=\"\" class=\"wp-image-48\" width=\"512\" height=\"342\" srcset=\"https:\/\/meyer-karin.de\/wp-content\/uploads\/2022\/08\/DSC02010-Bearbeitet-1-1024x683.jpg 1024w, https:\/\/meyer-karin.de\/wp-content\/uploads\/2022\/08\/DSC02010-Bearbeitet-1-300x200.jpg 300w, https:\/\/meyer-karin.de\/wp-content\/uploads\/2022\/08\/DSC02010-Bearbeitet-1-768x512.jpg 768w, https:\/\/meyer-karin.de\/wp-content\/uploads\/2022\/08\/DSC02010-Bearbeitet-1-1536x1024.jpg 1536w, https:\/\/meyer-karin.de\/wp-content\/uploads\/2022\/08\/DSC02010-Bearbeitet-1-2048x1365.jpg 2048w, https:\/\/meyer-karin.de\/wp-content\/uploads\/2022\/08\/DSC02010-Bearbeitet-1-930x620.jpg 930w\" sizes=\"(max-width: 512px) 100vw, 512px\" \/><figcaption class=\"wp-element-caption\">Johanna Jolmes<\/figcaption><\/figure>\n\n\n\n<figure class=\"is-layout-flex wp-block-gallery-1 wp-block-gallery aligncenter has-nested-images columns-default is-cropped\">\n<figure class=\"wp-block-image size-large is-style-rounded\"><img decoding=\"async\" loading=\"lazy\" width=\"1024\" height=\"683\" data-id=\"50\"  src=\"http:\/\/meyer-karin.de\/wp-content\/uploads\/2022\/08\/DSC02038-Bearbeitet-1-1024x683.jpg\" alt=\"\" class=\"wp-image-50\" srcset=\"https:\/\/meyer-karin.de\/wp-content\/uploads\/2022\/08\/DSC02038-Bearbeitet-1-1024x683.jpg 1024w, https:\/\/meyer-karin.de\/wp-content\/uploads\/2022\/08\/DSC02038-Bearbeitet-1-300x200.jpg 300w, https:\/\/meyer-karin.de\/wp-content\/uploads\/2022\/08\/DSC02038-Bearbeitet-1-768x512.jpg 768w, https:\/\/meyer-karin.de\/wp-content\/uploads\/2022\/08\/DSC02038-Bearbeitet-1-1536x1024.jpg 1536w, https:\/\/meyer-karin.de\/wp-content\/uploads\/2022\/08\/DSC02038-Bearbeitet-1-2048x1365.jpg 2048w, https:\/\/meyer-karin.de\/wp-content\/uploads\/2022\/08\/DSC02038-Bearbeitet-1-930x620.jpg 930w\" sizes=\"(max-width: 1024px) 100vw, 1024px\" \/><figcaption class=\"wp-element-caption\">Kathrin Schroers<\/figcaption><\/figure>\n\n\n\n<figure class=\"wp-block-image size-large is-style-rounded\"><img decoding=\"async\" loading=\"lazy\" width=\"1024\" height=\"683\" data-id=\"43\"  src=\"http:\/\/meyer-karin.de\/wp-content\/uploads\/2022\/08\/DSC02045-Bearbeitet-1024x683.jpg\" alt=\"\" class=\"wp-image-43\" srcset=\"https:\/\/meyer-karin.de\/wp-content\/uploads\/2022\/08\/DSC02045-Bearbeitet-1024x683.jpg 1024w, https:\/\/meyer-karin.de\/wp-content\/uploads\/2022\/08\/DSC02045-Bearbeitet-300x200.jpg 300w, https:\/\/meyer-karin.de\/wp-content\/uploads\/2022\/08\/DSC02045-Bearbeitet-768x512.jpg 768w, https:\/\/meyer-karin.de\/wp-content\/uploads\/2022\/08\/DSC02045-Bearbeitet-1536x1024.jpg 1536w, https:\/\/meyer-karin.de\/wp-content\/uploads\/2022\/08\/DSC02045-Bearbeitet-2048x1365.jpg 2048w, https:\/\/meyer-karin.de\/wp-content\/uploads\/2022\/08\/DSC02045-Bearbeitet-930x620.jpg 930w\" sizes=\"(max-width: 1024px) 100vw, 1024px\" \/><figcaption class=\"wp-element-caption\">Gabriele Martin<\/figcaption><\/figure>\n\n\n\n<figure class=\"wp-block-image size-large is-style-rounded\"><img decoding=\"async\" loading=\"lazy\" width=\"1024\" height=\"683\" data-id=\"45\"  src=\"http:\/\/meyer-karin.de\/wp-content\/uploads\/2022\/08\/DSC02022-Bearbeitet-1024x683.jpg\" alt=\"\" class=\"wp-image-45\" srcset=\"https:\/\/meyer-karin.de\/wp-content\/uploads\/2022\/08\/DSC02022-Bearbeitet-1024x683.jpg 1024w, https:\/\/meyer-karin.de\/wp-content\/uploads\/2022\/08\/DSC02022-Bearbeitet-300x200.jpg 300w, https:\/\/meyer-karin.de\/wp-content\/uploads\/2022\/08\/DSC02022-Bearbeitet-768x512.jpg 768w, https:\/\/meyer-karin.de\/wp-content\/uploads\/2022\/08\/DSC02022-Bearbeitet-1536x1024.jpg 1536w, https:\/\/meyer-karin.de\/wp-content\/uploads\/2022\/08\/DSC02022-Bearbeitet-2048x1365.jpg 2048w, https:\/\/meyer-karin.de\/wp-content\/uploads\/2022\/08\/DSC02022-Bearbeitet-930x620.jpg 930w\" sizes=\"(max-width: 1024px) 100vw, 1024px\" \/><figcaption class=\"wp-element-caption\">Tim Kramps<\/figcaption><\/figure>\n\n\n\n<figure class=\"wp-block-image size-large is-style-rounded\"><img decoding=\"async\" loading=\"lazy\" width=\"1024\" height=\"683\" data-id=\"42\"  src=\"http:\/\/meyer-karin.de\/wp-content\/uploads\/2022\/08\/DSC02036-Bearbeitet-1024x683.jpg\" alt=\"\" class=\"wp-image-42\" srcset=\"https:\/\/meyer-karin.de\/wp-content\/uploads\/2022\/08\/DSC02036-Bearbeitet-1024x683.jpg 1024w, https:\/\/meyer-karin.de\/wp-content\/uploads\/2022\/08\/DSC02036-Bearbeitet-300x200.jpg 300w, https:\/\/meyer-karin.de\/wp-content\/uploads\/2022\/08\/DSC02036-Bearbeitet-768x512.jpg 768w, https:\/\/meyer-karin.de\/wp-content\/uploads\/2022\/08\/DSC02036-Bearbeitet-1536x1024.jpg 1536w, https:\/\/meyer-karin.de\/wp-content\/uploads\/2022\/08\/DSC02036-Bearbeitet-2048x1365.jpg 2048w, https:\/\/meyer-karin.de\/wp-content\/uploads\/2022\/08\/DSC02036-Bearbeitet-930x620.jpg 930w\" sizes=\"(max-width: 1024px) 100vw, 1024px\" \/><figcaption class=\"wp-element-caption\">Nadine Paulack<\/figcaption><\/figure>\n\n\n\n<figure class=\"wp-block-image size-large is-style-rounded\"><img decoding=\"async\" loading=\"lazy\" width=\"1024\" height=\"683\" data-id=\"356\"  src=\"http:\/\/meyer-karin.de\/wp-content\/uploads\/2022\/08\/DSC02009-Bearbeitet-1024x683.jpg\" alt=\"\" class=\"wp-image-356\" srcset=\"https:\/\/meyer-karin.de\/wp-content\/uploads\/2022\/08\/DSC02009-Bearbeitet-1024x683.jpg 1024w, https:\/\/meyer-karin.de\/wp-content\/uploads\/2022\/08\/DSC02009-Bearbeitet-300x200.jpg 300w, https:\/\/meyer-karin.de\/wp-content\/uploads\/2022\/08\/DSC02009-Bearbeitet-768x512.jpg 768w, https:\/\/meyer-karin.de\/wp-content\/uploads\/2022\/08\/DSC02009-Bearbeitet-1536x1024.jpg 1536w, https:\/\/meyer-karin.de\/wp-content\/uploads\/2022\/08\/DSC02009-Bearbeitet-2048x1365.jpg 2048w\" sizes=\"(max-width: 1024px) 100vw, 1024px\" \/><figcaption class=\"wp-element-caption\">Linda H\u00f6schen<\/figcaption><\/figure>\n\n\n\n<figure class=\"wp-block-image size-large is-style-rounded\"><img decoding=\"async\" loading=\"lazy\" width=\"1024\" height=\"683\" data-id=\"355\"  src=\"http:\/\/meyer-karin.de\/wp-content\/uploads\/2022\/08\/DSC02029-Bearbeitet-1024x683.jpg\" alt=\"\" class=\"wp-image-355\" srcset=\"https:\/\/meyer-karin.de\/wp-content\/uploads\/2022\/08\/DSC02029-Bearbeitet-1024x683.jpg 1024w, https:\/\/meyer-karin.de\/wp-content\/uploads\/2022\/08\/DSC02029-Bearbeitet-300x200.jpg 300w, https:\/\/meyer-karin.de\/wp-content\/uploads\/2022\/08\/DSC02029-Bearbeitet-768x512.jpg 768w, https:\/\/meyer-karin.de\/wp-content\/uploads\/2022\/08\/DSC02029-Bearbeitet-1536x1024.jpg 1536w, https:\/\/meyer-karin.de\/wp-content\/uploads\/2022\/08\/DSC02029-Bearbeitet-2048x1365.jpg 2048w\" sizes=\"(max-width: 1024px) 100vw, 1024px\" \/><figcaption class=\"wp-element-caption\">Andrea Psurek<\/figcaption><\/figure>\n<\/figure>\n\n\n\n<figure class=\"wp-block-image aligncenter size-large is-resized is-style-rounded ticss-8b8c7310\"><img decoding=\"async\" loading=\"lazy\" src=\"http:\/\/meyer-karin.de\/wp-content\/uploads\/2022\/08\/DSC02024-Bearbeitet-1024x683.jpg\" alt=\"\" class=\"wp-image-41\" width=\"202\" height=\"135\" srcset=\"https:\/\/meyer-karin.de\/wp-content\/uploads\/2022\/08\/DSC02024-Bearbeitet-1024x683.jpg 1024w, https:\/\/meyer-karin.de\/wp-content\/uploads\/2022\/08\/DSC02024-Bearbeitet-300x200.jpg 300w, https:\/\/meyer-karin.de\/wp-content\/uploads\/2022\/08\/DSC02024-Bearbeitet-768x512.jpg 768w, https:\/\/meyer-karin.de\/wp-content\/uploads\/2022\/08\/DSC02024-Bearbeitet-1536x1024.jpg 1536w, https:\/\/meyer-karin.de\/wp-content\/uploads\/2022\/08\/DSC02024-Bearbeitet-2048x1365.jpg 2048w, https:\/\/meyer-karin.de\/wp-content\/uploads\/2022\/08\/DSC02024-Bearbeitet-930x620.jpg 930w\" sizes=\"(max-width: 202px) 100vw, 202px\" \/><figcaption class=\"wp-element-caption\">Nina Schierburges<\/figcaption><\/figure>\n","protected":false},"excerpt":{"rendered":"<p>F\u00fcr uns als Physiotherapeuten steht das Wohlergehen und die Gesundheit unserer Patienten an erster Stelle. Zu meiner Person Ich arbeite stets an mir und meinen F\u00e4higkeiten, so konnte ich nicht nur durch meine T\u00e4tigkeit in einer gro\u00dfen neurologischen Rehaklinik, wo auch orthop\u00e4dische Patienten behandelt wurden, lernen und Erfahrungen sammeln, sondern auch in der Praxis f\u00fcr [&hellip;]<\/p>\n","protected":false},"author":1,"featured_media":0,"parent":0,"menu_order":0,"comment_status":"closed","ping_status":"closed","template":"","meta":{"_themeisle_gutenberg_block_has_review":false},"_links":{"self":[{"href":"https:\/\/meyer-karin.de\/index.php?rest_route=\/wp\/v2\/pages\/24"}],"collection":[{"href":"https:\/\/meyer-karin.de\/index.php?rest_route=\/wp\/v2\/pages"}],"about":[{"href":"https:\/\/meyer-karin.de\/index.php?rest_route=\/wp\/v2\/types\/page"}],"author":[{"embeddable":true,"href":"https:\/\/meyer-karin.de\/index.php?rest_route=\/wp\/v2\/users\/1"}],"replies":[{"embeddable":true,"href":"https:\/\/meyer-karin.de\/index.php?rest_route=%2Fwp%2Fv2%2Fcomments&post=24"}],"version-history":[{"count":13,"href":"https:\/\/meyer-karin.de\/index.php?rest_route=\/wp\/v2\/pages\/24\/revisions"}],"predecessor-version":[{"id":524,"href":"https:\/\/meyer-karin.de\/index.php?rest_route=\/wp\/v2\/pages\/24\/revisions\/524"}],"wp:attachment":[{"href":"https:\/\/meyer-karin.de\/index.php?rest_route=%2Fwp%2Fv2%2Fmedia&parent=24"}],"curies":[{"name":"wp","href":"https:\/\/api.w.org\/{rel}","templated":true}]}}